{"id":35,"date":"2025-02-10T18:12:10","date_gmt":"2025-02-10T17:12:10","guid":{"rendered":"https:\/\/collegiumtechnicum.tuke.sk\/?page_id=35"},"modified":"2025-03-27T09:10:28","modified_gmt":"2025-03-27T08:10:28","slug":"kontakt","status":"publish","type":"page","link":"https:\/\/collegiumtechnicum.tuke.sk\/en\/kontakt\/","title":{"rendered":"Contact"},"content":{"rendered":"<div id=\"pl-gb35-69fa4a61235b3\"  class=\"panel-layout\" ><div id=\"pg-gb35-69fa4a61235b3-0\"  class=\"panel-grid panel-no-style\" ><div id=\"pgc-gb35-69fa4a61235b3-0-0\"  class=\"panel-grid-cell\" ><div id=\"panel-gb35-69fa4a61235b3-0-0-0\" class=\"so-panel widget widget_sow-editor panel-first-child panel-last-child\" data-index=\"0\" ><div\n\t\t\t\n\t\t\tclass=\"so-widget-sow-editor so-widget-sow-editor-base\"\n\t\t\t\n\t\t><h3 class=\"widget-title\">Contact information<\/h3>\n<div class=\"siteorigin-widget-tinymce textwidget\">\n\t<p>COLLEGIUM TECHNICUM<br \/>\nTechnical University of Ko\u0161ice<br \/>\nSummer 1\/9<br \/>\n042 00 Ko\u0161ice<br \/>\nSlovakia<\/p>\n<p><img decoding=\"async\" class=\"phone-icon alignnone size-large wp-image-63\" src=\"https:\/\/collegiumtechnicum.tuke.sk\/wp-content\/uploads\/2025\/02\/email.svg\" alt=\"\" \/> maria.gamcova@tuke.sk<br \/>\n<img decoding=\"async\" class=\"phone-icon alignnone size-large wp-image-63\" src=\"https:\/\/collegiumtechnicum.tuke.sk\/wp-content\/uploads\/2025\/02\/phone-icon.svg\" alt=\"\" \/> +421 55 602 4233<br \/>\n<img decoding=\"async\" class=\"phone-icon alignnone size-large wp-image-63\" src=\"https:\/\/collegiumtechnicum.tuke.sk\/wp-content\/uploads\/2025\/02\/map.svg\" alt=\"\" \/> listening room PK7-L4, Comenius Park 7, Ko\u0161ice<\/p>\n<\/div>\n<\/div><\/div><\/div><div id=\"pgc-gb35-69fa4a61235b3-0-1\"  class=\"panel-grid-cell\" ><div id=\"panel-gb35-69fa4a61235b3-0-1-0\" class=\"so-panel widget widget_sow-editor panel-first-child panel-last-child\" data-index=\"1\" ><div\n\t\t\t\n\t\t\tclass=\"so-widget-sow-editor so-widget-sow-editor-base\"\n\t\t\t\n\t\t><h3 class=\"widget-title\">Where can you find us?<\/h3>\n<div class=\"siteorigin-widget-tinymce textwidget\">\n\t<p><iframe src=\"https:\/\/www.google.com\/maps\/embed?pb=!1m18!1m12!1m3!1d2631.6280758056273!2d21.24318817624401!3d48.731697971315185!2m3!1f0!2f0!3f0!3m2!1i1024!2i768!4f13.1!3m3!1m2!1s0x473ee05f5afd9187%3A0xca8884267609e2e2!2sPK7%2C%20Park%20Komensk%C3%A9ho%207%2C%20040%2001%20Ko%C5%A1ice!5e0!3m2!1sen!2ssk!4v1740332487146!5m2!1sen!2ssk\" width=\"600\" height=\"450\" style=\"border:0;\" allowfullscreen=\"\" loading=\"lazy\" referrerpolicy=\"no-referrer-when-downgrade\"><\/iframe><\/p>\n<\/div>\n<\/div><\/div><\/div><\/div><div id=\"pg-gb35-69fa4a61235b3-1\"  class=\"panel-grid panel-no-style\" ><div id=\"pgc-gb35-69fa4a61235b3-1-0\"  class=\"panel-grid-cell\" ><div id=\"panel-gb35-69fa4a61235b3-1-0-0\" class=\"so-panel widget widget_sow-editor panel-first-child panel-last-child\" data-index=\"2\" ><div\n\t\t\t\n\t\t\tclass=\"so-widget-sow-editor so-widget-sow-editor-base\"\n\t\t\t\n\t\t><h3 class=\"widget-title\">Organisational structure<\/h3>\n<div class=\"siteorigin-widget-tinymce textwidget\">\n\t<p>Doc. Ing. M\u00e1ria Gamcov\u00e1, PhD.<br \/>\nDirector of the Corps<br \/>\n<img decoding=\"async\" class=\"phone-icon alignnone size-large wp-image-63\" src=\"https:\/\/collegiumtechnicum.tuke.sk\/wp-content\/uploads\/2025\/02\/phone-icon.svg\" alt=\"\" \/> +421 55 602 4233<br \/>\nmaria.gamcova@tuke.sk<\/p>\n<p>Doc. Ing. Michal Kosteln\u00fd, CSc.<br \/>\nDeputy Director of the Corps<br \/>\n<img decoding=\"async\" class=\"phone-icon alignnone size-large wp-image-63\" src=\"https:\/\/collegiumtechnicum.tuke.sk\/wp-content\/uploads\/2025\/02\/phone-icon.svg\" alt=\"\" \/> +421 905 466 619, +421 55 602 2281, +421 55 602 2809<br \/>\nmichal.kostelny@tuke.sk <\/p>\n<p>Peter Bober, PhD.<br \/>\nThe Administrative Secretary<br \/>\n<img decoding=\"async\" class=\"phone-icon alignnone size-large wp-image-63\" src=\"https:\/\/collegiumtechnicum.tuke.sk\/wp-content\/uploads\/2025\/02\/phone-icon.svg\" alt=\"\" \/> +421 55 602 2281<br \/>\npeter.bober@tuke.sk<\/p>\n<p>Doc. Ing. Brigita Salai, PhD.<br \/>\nEconomics<br \/>\nbrigita.salaiova@tuke.sk<\/p>\n<\/div>\n<\/div><\/div><\/div><div id=\"pgc-gb35-69fa4a61235b3-1-1\"  class=\"panel-grid-cell\" ><div id=\"panel-gb35-69fa4a61235b3-1-1-0\" class=\"so-panel widget widget_sow-editor panel-first-child panel-last-child\" data-index=\"3\" ><div\n\t\t\t\n\t\t\tclass=\"so-widget-sow-editor so-widget-sow-editor-base\"\n\t\t\t\n\t\t><h3 class=\"widget-title\">How to become a member?<\/h3>\n<div class=\"siteorigin-widget-tinymce textwidget\">\n\t<p>Terms and Conditions of Membership<\/p>\n<ul>\n<li>basic musical education (basic art school in any musical field or multi-year experience in choirs, orchestras and musical groups)<\/li>\n<li>Age from 18 years<\/li>\n<li>fill-in <a href=\"https:\/\/docs.google.com\/forms\/d\/e\/1FAIpQLScj9wGyADwZTCWNIYtLbF0OplLMVj_orM0YJ3_7IrBO0mPEmA\/viewform\">applications to the Corps<\/a> or face-to-face contact during Corps exams<\/li>\n<\/ul>\n<\/div>\n<\/div><\/div><\/div><\/div><\/div>","protected":false},"excerpt":{"rendered":"<p>COLLEGIUM TECHNICUM Technical University in Ko\u0161ice Letn\u00e1 1\/9 042 00 Ko\u0161ice Slovensko maria.gamcova@tuke.sk +421 55 602 4233 lecture hall PK7-L4, Comenius Park 7, Ko\u0161ice doc. Ing. M\u00e1ria Gamcov\u00e1, PhD. director of the choir<\/p>","protected":false},"author":1,"featured_media":0,"parent":0,"menu_order":0,"comment_status":"closed","ping_status":"closed","template":"","meta":{"inline_featured_image":false,"footnotes":""},"class_list":["post-35","page","type-page","status-publish"],"_links":{"self":[{"href":"https:\/\/collegiumtechnicum.tuke.sk\/en\/wp-json\/wp\/v2\/pages\/35","targetHints":{"allow":["GET"]}}],"collection":[{"href":"https:\/\/collegiumtechnicum.tuke.sk\/en\/wp-json\/wp\/v2\/pages"}],"about":[{"href":"https:\/\/collegiumtechnicum.tuke.sk\/en\/wp-json\/wp\/v2\/types\/page"}],"author":[{"embeddable":true,"href":"https:\/\/collegiumtechnicum.tuke.sk\/en\/wp-json\/wp\/v2\/users\/1"}],"replies":[{"embeddable":true,"href":"https:\/\/collegiumtechnicum.tuke.sk\/en\/wp-json\/wp\/v2\/comments?post=35"}],"version-history":[{"count":17,"href":"https:\/\/collegiumtechnicum.tuke.sk\/en\/wp-json\/wp\/v2\/pages\/35\/revisions"}],"predecessor-version":[{"id":350,"href":"https:\/\/collegiumtechnicum.tuke.sk\/en\/wp-json\/wp\/v2\/pages\/35\/revisions\/350"}],"wp:attachment":[{"href":"https:\/\/collegiumtechnicum.tuke.sk\/en\/wp-json\/wp\/v2\/media?parent=35"}],"curies":[{"name":"wp","href":"https:\/\/api.w.org\/{rel}","templated":true}]}}