{"id":33,"date":"2025-02-10T18:12:01","date_gmt":"2025-02-10T17:12:01","guid":{"rendered":"https:\/\/collegiumtechnicum.tuke.sk\/?page_id=33"},"modified":"2025-03-29T13:27:47","modified_gmt":"2025-03-29T12:27:47","slug":"o-zbore","status":"publish","type":"page","link":"https:\/\/collegiumtechnicum.tuke.sk\/en\/o-zbore\/","title":{"rendered":"About the choir"},"content":{"rendered":"<div id=\"pl-gb33-69fa4a6185eaf\"  class=\"panel-layout\" ><div id=\"pg-gb33-69fa4a6185eaf-0\"  class=\"panel-grid panel-no-style\" ><div id=\"pgc-gb33-69fa4a6185eaf-0-0\"  class=\"panel-grid-cell\" ><div id=\"panel-gb33-69fa4a6185eaf-0-0-0\" class=\"so-panel widget widget_sow-editor panel-first-child panel-last-child\" data-index=\"0\" ><div\n\t\t\t\n\t\t\tclass=\"so-widget-sow-editor so-widget-sow-editor-base\"\n\t\t\t\n\t\t><h3 class=\"widget-title\">Founded in 1983<\/h3>\n<div class=\"siteorigin-widget-tinymce textwidget\">\n\t<p>The mixed choir of the Technical University of Ko\u0161ice was founded in 1983. Collegium Technicum is one of the best academic choirs in Slovakia. He has won many awards at international festivals and competitions in Slovakia and abroad, the highest at festivals: Prague, Middlesbrough (GB) \u2013 the most successful choir in the competition, \u010cesk\u00fd Krumlov, St. Petersburg. <\/p>\n<p>In 2003 the choir received the 20th anniversary of the establishment of the Ko\u0161ice City Award and in 2013 the 30th anniversary of the Ko\u0161ice Self-Governing Region President's Award. Collegium Technicum has been conducted by Tatiana Kani\u0161\u00e1kov\u00e1 since 2010.<\/p>\n<\/div>\n<\/div><\/div><\/div><div id=\"pgc-gb33-69fa4a6185eaf-0-1\"  class=\"panel-grid-cell\" ><div id=\"panel-gb33-69fa4a6185eaf-0-1-0\" class=\"so-panel widget widget_sow-editor panel-first-child panel-last-child\" data-index=\"1\" ><div\n\t\t\t\n\t\t\tclass=\"so-widget-sow-editor so-widget-sow-editor-base\"\n\t\t\t\n\t\t>\n<div class=\"siteorigin-widget-tinymce textwidget\">\n\t<p><iframe loading=\"lazy\" title=\"Collegium Technicum promo \/ long\" width=\"1200\" height=\"675\" src=\"https:\/\/www.youtube.com\/embed\/Syk4co6Kl6s?feature=oembed\" frameborder=\"0\" allow=\"accelerometer; autoplay; clipboard-write; encrypted-media; gyroscope; picture-in-picture; web-share\" referrerpolicy=\"strict-origin-when-cross-origin\" allowfullscreen><\/iframe><\/p>\n<\/div>\n<\/div><\/div><\/div><\/div><div id=\"pg-gb33-69fa4a6185eaf-1\"  class=\"panel-grid panel-no-style\" ><div id=\"pgc-gb33-69fa4a6185eaf-1-0\"  class=\"panel-grid-cell\" ><div id=\"panel-gb33-69fa4a6185eaf-1-0-0\" class=\"so-panel widget widget_sow-editor panel-first-child panel-last-child\" data-index=\"2\" ><div\n\t\t\t\n\t\t\tclass=\"so-widget-sow-editor so-widget-sow-editor-base\"\n\t\t\t\n\t\t><h3 class=\"widget-title\">Cross-border corps<\/h3>\n<div class=\"siteorigin-widget-tinymce textwidget\">\n\t<p>Collegium Technicum conducted 46 professional conductors (32 from abroad) \u2013 Ji\u0159\u00ed B\u011blohl\u00e1vek (CZ), Peter Phiplips (GB), Oliver Dohn\u00e1nyi, Ondrej L\u00e9nard, Lubom\u00edr M\u00e1tl (CZ), Jakub Hr\u00f9\u0161a (CZ), Tom\u00e1\u0161 Hanus (CZ), Tom\u00e1\u0161 Koutn\u00edk (CZ), Peter Breiner, Georg Kugi (A), Irina Bogdanovich (RF), G\u00e1bor Hollerung (H), Gergely M\u00e9nesy (H), Zbyn\u011bk M\u00fcller (CZ), Somtow Sucharitkul (TH) and others. Zbor sang with renowned soloists, e.g. Miroslav Dvorsk\u00fd, Peter Dvorsk\u00fd, \u013dubica Ryb\u00e1rska, Martin Babjak, Peter Mikul\u00e1\u0161, Peter Berger, Michal Lehotsk\u00fd, Ji\u0159\u00ed Sul\u017eenko (CZ), Eva D\u0159\u00edzgov\u00e1(CZ), Rafal Bartminski(PL), J\u00f3zsef Mukk(H), Michaela V\u00e1rady and others. <\/p>\n<p>He cooperated with university choirs from Split, Krakow, Madrid, Budapest, Moscow, Oslo, Le\u00f3n, Warwick, Prague, Bratislava, Ostrava, Bologna, Lisbon, Wisconsin, Krakow, Warsava, Bialystok, Ljubljana, Riga, Brno, Tampere and Bangkok.<\/p>\n<\/div>\n<\/div><\/div><\/div><div id=\"pgc-gb33-69fa4a6185eaf-1-1\"  class=\"panel-grid-cell\" ><div id=\"panel-gb33-69fa4a6185eaf-1-1-0\" class=\"so-panel widget widget_sow-editor panel-first-child panel-last-child\" data-index=\"3\" ><div\n\t\t\t\n\t\t\tclass=\"so-widget-sow-editor so-widget-sow-editor-base\"\n\t\t\t\n\t\t><h3 class=\"widget-title\">Concert seasons<\/h3>\n<div class=\"siteorigin-widget-tinymce textwidget\">\n\t<p>Take a look at the historical overview of the concerts of the choir COLLEGIUM TECHNICUM, which dates back to <strong>the 2002\/2003 Concert Season<\/strong>.<\/p>\n<p>Discover <strong>A rich musical journey<\/strong> our choir, an overview of performances, major events and collaborations that have shaped our artistic history.<\/p>\n<p><a href=\"https:\/\/collegiumtechnicum.tuke.sk\/en\/historia-koncertov\/\"><button>Concert seasons<\/button><\/a><\/p>\n<\/div>\n<\/div><\/div><\/div><\/div><div id=\"pg-gb33-69fa4a6185eaf-2\"  class=\"panel-grid panel-no-style\" ><div id=\"pgc-gb33-69fa4a6185eaf-2-0\"  class=\"panel-grid-cell\" ><div id=\"panel-gb33-69fa4a6185eaf-2-0-0\" class=\"so-panel widget widget_sow-editor panel-first-child panel-last-child\" data-index=\"4\" ><div\n\t\t\t\n\t\t\tclass=\"so-widget-sow-editor so-widget-sow-editor-base\"\n\t\t\t\n\t\t><h3 class=\"widget-title\">Awards<\/h3>\n<div class=\"siteorigin-widget-tinymce textwidget\">\n\t<div id=\"timeline-container\">\n<div class=\"inner-container\">\n<ul class=\"timeline\">\n<li class=\"timeline-item\" data-date=\"1985\">I. Bansk\u00e1 Bystrica Academic Award \u2013 I. Prize<\/li>\n<li class=\"timeline-item\" data-date=\"1986\">IX. International Competition of Academic Choirs IFAS Pardubice<br \/>\nII. prize and title of Laureate IFAS 86<\/li>\n<li class=\"timeline-item\" data-date=\"1987\">II. Academic Bansk\u00e1 Bystrica - 1st prize<br \/>\nXXIV. Spittal an der Drau International Competition (A)<br \/>\n3rd prize in the category of polyphony<\/li>\n<li class=\"timeline-item\" data-date=\"1988\">Choir singing ceremonies in Bratislava \u2013 The Golden Wreath of the City of Bratislava, overall winner<\/li>\n<li class=\"timeline-item\" data-date=\"1989\">Prague Days of Choir Singing<br \/>\nWinner and absolute winner<br \/>\nIII. Academic Bansk\u00e1 Bystrica<br \/>\nI. price<\/li>\n<li class=\"timeline-item\" data-date=\"1990\">X. IFAS Pardubice<br \/>\nII. prize and title of Laureate IFAS 88<\/li>\n<\/ul><\/div>\n<\/div>\n<\/div>\n<\/div><\/div><\/div><div id=\"pgc-gb33-69fa4a6185eaf-2-1\"  class=\"panel-grid-cell\" ><div id=\"panel-gb33-69fa4a6185eaf-2-1-0\" class=\"so-panel widget widget_sow-editor panel-first-child panel-last-child\" data-index=\"5\" ><div\n\t\t\t\n\t\t\tclass=\"so-widget-sow-editor so-widget-sow-editor-base\"\n\t\t\t\n\t\t><h3 class=\"widget-title\">Successful collaborations<\/h3>\n<div class=\"siteorigin-widget-tinymce textwidget\">\n\t<p>Since the 1986\/87 season, Collegium Technicum has been continuously cooperating with the Ko\u0161ice State Philharmonic. This cooperation resulted in the release of 26 oratorial works, many of which were premiered in Ko\u0161ice. The choir also cooperated with the Symphony Orchestra of the Slovak Radio, FOK Prague, Jan\u00e1\u010dek Philharmonic Ostrava, with orchestras of the State Theatre in Ko\u0161ice, the State Opera in Bansk\u00e1 Bystrica and several university and festival orchestras at home and abroad.<\/p>\n<p>From the discography Collegium Technicum we present the author's CD Ivan Hru\u0161ovsk\u00fd Cantate Domino (1997), the author's CD Zden\u011bk Luk\u00e1\u0161 Te Deum laudamus (2002) and the CD Collegium Technicum in Opera (2007), as well as the 30th anniversary concert of Collegium Technicum at KHJ in 2013 (CD and DVD). These include numerous recordings of mainly annual concerts of the choir.<\/p>\n<\/div>\n<\/div><\/div><\/div><\/div><\/div>\n\n\n<p><\/p>","protected":false},"excerpt":{"rendered":"<p>The mixed choir of the Technical University of Ko\u0161ice was founded in 1983. Collegium Technicum is one of the best academic choirs in Slovakia. He has won numerous awards at international festivals and competitions at<\/p>","protected":false},"author":1,"featured_media":0,"parent":0,"menu_order":0,"comment_status":"closed","ping_status":"closed","template":"","meta":{"inline_featured_image":false,"footnotes":""},"class_list":["post-33","page","type-page","status-publish"],"_links":{"self":[{"href":"https:\/\/collegiumtechnicum.tuke.sk\/en\/wp-json\/wp\/v2\/pages\/33","targetHints":{"allow":["GET"]}}],"collection":[{"href":"https:\/\/collegiumtechnicum.tuke.sk\/en\/wp-json\/wp\/v2\/pages"}],"about":[{"href":"https:\/\/collegiumtechnicum.tuke.sk\/en\/wp-json\/wp\/v2\/types\/page"}],"author":[{"embeddable":true,"href":"https:\/\/collegiumtechnicum.tuke.sk\/en\/wp-json\/wp\/v2\/users\/1"}],"replies":[{"embeddable":true,"href":"https:\/\/collegiumtechnicum.tuke.sk\/en\/wp-json\/wp\/v2\/comments?post=33"}],"version-history":[{"count":14,"href":"https:\/\/collegiumtechnicum.tuke.sk\/en\/wp-json\/wp\/v2\/pages\/33\/revisions"}],"predecessor-version":[{"id":400,"href":"https:\/\/collegiumtechnicum.tuke.sk\/en\/wp-json\/wp\/v2\/pages\/33\/revisions\/400"}],"wp:attachment":[{"href":"https:\/\/collegiumtechnicum.tuke.sk\/en\/wp-json\/wp\/v2\/media?parent=33"}],"curies":[{"name":"wp","href":"https:\/\/api.w.org\/{rel}","templated":true}]}}