{"id":154,"date":"2025-02-24T08:35:07","date_gmt":"2025-02-24T07:35:07","guid":{"rendered":"https:\/\/collegiumtechnicum.tuke.sk\/?page_id=154"},"modified":"2026-04-20T15:30:53","modified_gmt":"2026-04-20T13:30:53","slug":"dirigenti","status":"publish","type":"page","link":"https:\/\/collegiumtechnicum.tuke.sk\/en\/dirigenti\/","title":{"rendered":"Conductors"},"content":{"rendered":"<div id=\"pl-gb154-69fa136f80ed5\"  class=\"panel-layout\" ><div id=\"pg-gb154-69fa136f80ed5-0\"  class=\"panel-grid panel-no-style\" ><div id=\"pgc-gb154-69fa136f80ed5-0-0\"  class=\"panel-grid-cell\" ><div id=\"panel-gb154-69fa136f80ed5-0-0-0\" class=\"so-panel widget widget_sow-editor panel-first-child panel-last-child\" data-index=\"0\" ><div\n\t\t\t\n\t\t\tclass=\"so-widget-sow-editor so-widget-sow-editor-base\"\n\t\t\t\n\t\t>\n<div class=\"siteorigin-widget-tinymce textwidget\">\n\t<p><img loading=\"lazy\" decoding=\"async\" class=\"circle-photo alignnone wp-image-147 size-full\" src=\"https:\/\/collegiumtechnicum.tuke.sk\/wp-content\/uploads\/2026\/01\/Iryna-Demjanysyna.jpg\" alt=\"\" width=\"956\" height=\"956\" \/><\/p>\n<\/div>\n<\/div><\/div><\/div><div id=\"pgc-gb154-69fa136f80ed5-0-1\"  class=\"panel-grid-cell\" ><div id=\"panel-gb154-69fa136f80ed5-0-1-0\" class=\"so-panel widget widget_sow-editor panel-first-child panel-last-child\" data-index=\"1\" ><div\n\t\t\t\n\t\t\tclass=\"so-widget-sow-editor so-widget-sow-editor-base\"\n\t\t\t\n\t\t><h3 class=\"widget-title\">The Contemporary Conductor<\/h3>\n<div class=\"siteorigin-widget-tinymce textwidget\">\n\t<p>In 2000, Iryna Demianyshyna graduated from the Kiev Secondary Special Music School named after M.V. Lysenko (now Kiev State Music Lyceum ), in 2005 she graduated with distinction from the National Academy of Music of Ukraine P.I. Tchaikovsky (now NHAU), the Faculty of Choir Conducting in Professor Lev Venedikt\u2019s classroom, and received a university degree in \u201cMusical Art\u201d and a qualification as a conductor of the choir, a teacher of choral disciplines. In 2009 she completed an assistantship at the NHAU in the class of Professor Lev Venediktov. From 2005 until the start of the full-scale invasion of Ukraine by the Russian occupation forces (2022), she worked as a singing teacher, piano player and conductor of a children\u2019s choir at an art school. The choir has repeatedly become a laureate of international and all-Ukrainian competitions (\u2018Musical Colors\u2019, \u2018Art Premium\u2019, etc.).<\/p>\n<p>Since 2007, she has been the conductor of the Kiev National Linguistic University student corps. Already during her student years, she began conducting professional churches, with which she repeatedly became laureates of competitions. In March 2022, she arrived in Ko\u0161ice with her mother and son. In the same year she began to work as an assistant choirmaster in the National Theatre Ko\u0161ice, where she still works today. As a choirmaster, she performed the following operas with the theatre choir: K. Szymanowski \u2018King Roger\u2019, W. A. Mozart \u2018The Magic Flute\u2019, G. Donizetti \u2018Anna Bolena\u2019, R. Wagner \u2018Tannh\u00e4user\u2019, G. Verdi \u2018Macbeth\u2019, B. Smetana \u2018Dalibor\u2019, E. K\u00e1lm\u00e1n \u2018Cardash Princess\u2019, E. Sucho\u0148 \u2018Kr\u00fat\u0148ava\u2019, E. K\u00e1lm\u00e1n \u2018Circus Princess\u2019, S. Banevi\u010d \u2018Snow Queen\u2019 \u200e. <\/p>\n<p>Since 1 January 2026 she has been the conductor of the Academic Choir COLLEGIUM TECHNICUM.<\/p>\n<\/div>\n<\/div><\/div><\/div><\/div><div id=\"pg-gb154-69fa136f80ed5-1\"  class=\"panel-grid panel-no-style\" ><div id=\"pgc-gb154-69fa136f80ed5-1-0\"  class=\"panel-grid-cell\" ><div id=\"panel-gb154-69fa136f80ed5-1-0-0\" class=\"so-panel widget widget_sow-editor panel-first-child panel-last-child\" data-index=\"2\" ><div\n\t\t\t\n\t\t\tclass=\"so-widget-sow-editor so-widget-sow-editor-base\"\n\t\t\t\n\t\t><h3 class=\"widget-title\">History of conductors<\/h3>\n<div class=\"siteorigin-widget-tinymce textwidget\">\n\t<div id=\"timeline-container\">\n  <div class=\"inner-container\">\n    <ul class=\"timeline\">\n<li class=\"timeline-item\" data-date=\"2009 - 2025\"><img decoding=\"async\" src=\"https:\/\/collegiumtechnicum.tuke.sk\/wp-content\/uploads\/2025\/02\/kanisakova.jpg\" alt=\"\" class=\"circle-photo small alignnone size-full wp-image-187\" \/> Tatiana Kani\u0161\u00e1kov\u00e1 <\/li>\n      <li class=\"timeline-item\" data-date=\"1997 - 2009\"><img loading=\"lazy\" decoding=\"async\" width=\"157\" height=\"157\" src=\"https:\/\/collegiumtechnicum.tuke.sk\/wp-content\/uploads\/2025\/02\/petroczi2.jpg\" alt=\"\" class=\"circle-photo small alignnone size-full wp-image-187\" srcset=\"https:\/\/collegiumtechnicum.tuke.sk\/wp-content\/uploads\/2025\/02\/petroczi2.jpg 157w, https:\/\/collegiumtechnicum.tuke.sk\/wp-content\/uploads\/2025\/02\/petroczi2-150x150.jpg 150w\" sizes=\"auto, (max-width: 157px) 100vw, 157px\" \/> Karol Petr\u00f3czi<\/li>\n      <li class=\"timeline-item\" data-date=\"1989 - 1996\"><img loading=\"lazy\" decoding=\"async\" width=\"100\" height=\"100\" src=\"https:\/\/collegiumtechnicum.tuke.sk\/wp-content\/uploads\/2025\/02\/zacharovas.jpg\" alt=\"\" class=\"circle-photo small alignnone size-full wp-image-189\" \/> Eva Zakharova<\/li>\n      <li class=\"timeline-item\" data-date=\"1988 - 1989\"><img loading=\"lazy\" decoding=\"async\" width=\"100\" height=\"100\" src=\"https:\/\/collegiumtechnicum.tuke.sk\/wp-content\/uploads\/2025\/02\/Drietomsky.jpg\" alt=\"\" class=\"circle-photo small alignnone size-full wp-image-191\" \/> J\u00e1n Drietomsk\u00fd<\/li>\n      <li class=\"timeline-item\" data-date=\"1985 - 1987\"><img loading=\"lazy\" decoding=\"async\" width=\"100\" height=\"100\" src=\"https:\/\/collegiumtechnicum.tuke.sk\/wp-content\/uploads\/2025\/02\/vachs.jpg\" alt=\"\" class=\"circle-photo small alignnone size-full wp-image-192\" \/> Mari\u00e1n Vach, Richard Zimmer<\/li>\n      <li class=\"timeline-item\" data-date=\"1983 - 1985\"><img loading=\"lazy\" decoding=\"async\" width=\"100\" height=\"100\" src=\"https:\/\/collegiumtechnicum.tuke.sk\/wp-content\/uploads\/2025\/02\/roman_skrepek_m.jpg\" alt=\"\" class=\"circle-photo small alignnone size-full wp-image-193\" \/> Roman Sk\u0159epek<\/li>\n\n    <\/ul>\n  <\/div>\n<\/div><\/div>\n<\/div><\/div><\/div><div id=\"pgc-gb154-69fa136f80ed5-1-1\"  class=\"panel-grid-cell\" ><div id=\"panel-gb154-69fa136f80ed5-1-1-0\" class=\"so-panel widget widget_sow-editor panel-first-child panel-last-child\" data-index=\"3\" ><div\n\t\t\t\n\t\t\tclass=\"so-widget-sow-editor so-widget-sow-editor-base\"\n\t\t\t\n\t\t><h3 class=\"widget-title\">Cooperation with conductors<\/h3>\n<div class=\"siteorigin-widget-tinymce textwidget\">\n\t\n<table id=\"tablepress-6\" class=\"tablepress tablepress-id-6\">\n<tbody class=\"row-striping row-hover\">\n<tr class=\"row-1\">\n\t<td class=\"column-1\">Slovak Republic<\/td><td class=\"column-2\">Peter Breiner, Margita Gergelov\u00e1, Peter Hradil, Martin Leginus, Ondrej Len\u00e1rd, Maro\u0161 Potok\u00e1r, J\u00falius Sel\u010dan, Bystr\u00edk Re\u017eucha, Robert Stankovsk\u00fd, Pavol Tu\u017einsk\u00fd, Rastislav \u0160t\u00far<\/td>\n<\/tr>\n<tr class=\"row-2\">\n\t<td class=\"column-1\">Czech Republic<\/td><td class=\"column-2\">Ji\u0159\u00ed B\u011blohl\u00e1vek, Jakub Hr\u016f\u0161a, M\u00e1rio Klemens, Tom\u00e1\u0161 Koutn\u00edk, Stanislav Macura, Lubom\u00edr M\u00e1tl, Zbyn\u011bk M\u00fcller, Miriam N\u011bmcov\u00e1, Vlastislav Nov\u00e1k, Libor Pe\u0161ek, Ji\u0159\u00ed Pinkas, Lum\u00edr Pivovarsk\u00fd, Jan \u0158ezn\u00ed\u010dek, Leo\u0161 Sv\u00e1rovsk\u00fd, Stanislav Vav\u0159\u00ednek, Jakub Z\u00edcha, Jakub Klecker<\/td>\n<\/tr>\n<tr class=\"row-3\">\n\t<td class=\"column-1\">England<\/td><td class=\"column-2\">Peter Philips<\/td>\n<\/tr>\n<tr class=\"row-4\">\n\t<td class=\"column-1\">Belgium<\/td><td class=\"column-2\">Alfred Walter<\/td>\n<\/tr>\n<tr class=\"row-5\">\n\t<td class=\"column-1\">Yugoslavia<\/td><td class=\"column-2\">Josip Ver\u0161i\u010d<\/td>\n<\/tr>\n<tr class=\"row-6\">\n\t<td class=\"column-1\">Latvia<\/td><td class=\"column-2\">Ilze Cylinders<\/td>\n<\/tr>\n<tr class=\"row-7\">\n\t<td class=\"column-1\">Hungary<\/td><td class=\"column-2\">G\u00e1bor Hollerung, Gergely M\u00e9nesy<\/td>\n<\/tr>\n<tr class=\"row-8\">\n\t<td class=\"column-1\">Poland<\/td><td class=\"column-2\">Zbigniew Ciurava<\/td>\n<\/tr>\n<tr class=\"row-9\">\n\t<td class=\"column-1\">Portugal<\/td><td class=\"column-2\">Jos\u00e9 Robert, Francisco d'Orey, Pedro Teixeira<\/td>\n<\/tr>\n<tr class=\"row-10\">\n\t<td class=\"column-1\">Austria<\/td><td class=\"column-2\">Johannes Wildner, Martin Braun, Georg Kugi<\/td>\n<\/tr>\n<tr class=\"row-11\">\n\t<td class=\"column-1\">Russia<\/td><td class=\"column-2\">Irina Bogdanovich, Vladimir Leonidovich \u017divov<\/td>\n<\/tr>\n<tr class=\"row-12\">\n\t<td class=\"column-1\">Spain<\/td><td class=\"column-2\">Samuel Rubio Alvarez, Alfonzo Lopez Raymond, Montserrat Meneses<\/td>\n<\/tr>\n<tr class=\"row-13\">\n\t<td class=\"column-1\">Switzerland<\/td><td class=\"column-2\">Martin Studer<\/td>\n<\/tr>\n<tr class=\"row-14\">\n\t<td class=\"column-1\">Italy<\/td><td class=\"column-2\">Giuseppe Cristaudo<\/td>\n<\/tr>\n<tr class=\"row-15\">\n\t<td class=\"column-1\">Thailand<\/td><td class=\"column-2\">Somton Sucharitkul<\/td>\n<\/tr>\n<tr class=\"row-16\">\n\t<td class=\"column-1\">USA<\/td><td class=\"column-2\">Jeff Edmons and Matthew Faerber<\/td>\n<\/tr>\n<\/tbody>\n<\/table>\n<!-- #tablepress-6 from cache --><\/div>\n<\/div><\/div><\/div><\/div><\/div>","protected":false},"excerpt":{"rendered":"<p>In 2000, Iryna Demianyshyna graduated from the Kiev Secondary Special Music School named after M.V. Lysenko (now Kiev State Music Lyceum), in 2005 she graduated with honors from the National Music School.<\/p>","protected":false},"author":1,"featured_media":0,"parent":0,"menu_order":0,"comment_status":"closed","ping_status":"closed","template":"","meta":{"inline_featured_image":false,"footnotes":""},"class_list":["post-154","page","type-page","status-publish"],"_links":{"self":[{"href":"https:\/\/collegiumtechnicum.tuke.sk\/en\/wp-json\/wp\/v2\/pages\/154","targetHints":{"allow":["GET"]}}],"collection":[{"href":"https:\/\/collegiumtechnicum.tuke.sk\/en\/wp-json\/wp\/v2\/pages"}],"about":[{"href":"https:\/\/collegiumtechnicum.tuke.sk\/en\/wp-json\/wp\/v2\/types\/page"}],"author":[{"embeddable":true,"href":"https:\/\/collegiumtechnicum.tuke.sk\/en\/wp-json\/wp\/v2\/users\/1"}],"replies":[{"embeddable":true,"href":"https:\/\/collegiumtechnicum.tuke.sk\/en\/wp-json\/wp\/v2\/comments?post=154"}],"version-history":[{"count":22,"href":"https:\/\/collegiumtechnicum.tuke.sk\/en\/wp-json\/wp\/v2\/pages\/154\/revisions"}],"predecessor-version":[{"id":935,"href":"https:\/\/collegiumtechnicum.tuke.sk\/en\/wp-json\/wp\/v2\/pages\/154\/revisions\/935"}],"wp:attachment":[{"href":"https:\/\/collegiumtechnicum.tuke.sk\/en\/wp-json\/wp\/v2\/media?parent=154"}],"curies":[{"name":"wp","href":"https:\/\/api.w.org\/{rel}","templated":true}]}}